{"id":21,"date":"2022-09-28T20:55:51","date_gmt":"2022-09-28T20:55:51","guid":{"rendered":"https:\/\/imperialchess.org\/?page_id=21"},"modified":"2022-10-01T02:13:52","modified_gmt":"2022-10-01T02:13:52","slug":"ueber-uns","status":"publish","type":"page","link":"https:\/\/imperialchess.org\/?page_id=21","title":{"rendered":"\u00dcber uns"},"content":{"rendered":"\n<div class=\"wp-block-media-text alignwide has-media-on-the-right is-stacked-on-mobile is-vertically-aligned-top\"><figure class=\"wp-block-media-text__media\"><img fetchpriority=\"high\" decoding=\"async\" width=\"1024\" height=\"768\" src=\"https:\/\/imperialchess.org\/wp-content\/uploads\/2022\/09\/IMG_2804-1024x768.jpeg\" alt=\"\" class=\"wp-image-24 size-full\" srcset=\"https:\/\/imperialchess.org\/wp-content\/uploads\/2022\/09\/IMG_2804-1024x768.jpeg 1024w, https:\/\/imperialchess.org\/wp-content\/uploads\/2022\/09\/IMG_2804-300x225.jpeg 300w, https:\/\/imperialchess.org\/wp-content\/uploads\/2022\/09\/IMG_2804-768x576.jpeg 768w, https:\/\/imperialchess.org\/wp-content\/uploads\/2022\/09\/IMG_2804-1536x1152.jpeg 1536w, https:\/\/imperialchess.org\/wp-content\/uploads\/2022\/09\/IMG_2804.jpeg 2048w\" sizes=\"(max-width: 1024px) 100vw, 1024px\" \/><\/figure><div class=\"wp-block-media-text__content\">\n<p>Im laufe des Lebens nehmen Schachspieler:innen an vielen Turnieren teil und machen dabei allerlei Erfahrungen &#8211; gute und schlechte.<\/p>\n\n\n\n<p>Wie wohl man sich bei einem Turnier f\u00fchlt, h\u00e4ngt von vielen unterschiedlichen Faktoren ab: wie ist die Beleuchtung im Raum, wie hochwertig ist das Spielmaterial oder aber wieviel Platz habe ich an meinem Brett? Wer kennt es nicht, wenn pl\u00f6tzlich der Sitznachbar auf die falsche Uhr dr\u00fcckt&#8230;<\/p>\n\n\n\n<p>Wir haben es uns als Ziel gesetzt, die m\u00f6glichst angenehmste Spielatmosph\u00e4re zu erschaffen und ein Schachturnier f\u00fcr die h\u00f6chsten Anspr\u00fcche ins Leben zu rufen.<\/p>\n\n\n\n<p>\u00dcberzeug dich doch einfach selber und nimm an unserem Turnier teil &#8211; wir freuen uns auf Dich!<\/p>\n\n\n\n<p><em>David Kardoeus<\/em><\/p>\n<\/div><\/div>\n\n\n\n<p><\/p>\n","protected":false},"excerpt":{"rendered":"<p>Im laufe des Lebens nehmen Schachspieler:innen an vielen Turnieren teil und machen dabei allerlei Erfahrungen &#8211; gute und schlechte. Wie wohl man sich bei einem Turnier f\u00fchlt, h\u00e4ngt von vielen [&hellip;]<\/p>\n","protected":false},"author":1,"featured_media":0,"parent":0,"menu_order":0,"comment_status":"closed","ping_status":"closed","template":"","meta":{"footnotes":""},"class_list":["post-21","page","type-page","status-publish","hentry"],"_links":{"self":[{"href":"https:\/\/imperialchess.org\/index.php?rest_route=\/wp\/v2\/pages\/21","targetHints":{"allow":["GET"]}}],"collection":[{"href":"https:\/\/imperialchess.org\/index.php?rest_route=\/wp\/v2\/pages"}],"about":[{"href":"https:\/\/imperialchess.org\/index.php?rest_route=\/wp\/v2\/types\/page"}],"author":[{"embeddable":true,"href":"https:\/\/imperialchess.org\/index.php?rest_route=\/wp\/v2\/users\/1"}],"replies":[{"embeddable":true,"href":"https:\/\/imperialchess.org\/index.php?rest_route=%2Fwp%2Fv2%2Fcomments&post=21"}],"version-history":[{"count":3,"href":"https:\/\/imperialchess.org\/index.php?rest_route=\/wp\/v2\/pages\/21\/revisions"}],"predecessor-version":[{"id":108,"href":"https:\/\/imperialchess.org\/index.php?rest_route=\/wp\/v2\/pages\/21\/revisions\/108"}],"wp:attachment":[{"href":"https:\/\/imperialchess.org\/index.php?rest_route=%2Fwp%2Fv2%2Fmedia&parent=21"}],"curies":[{"name":"wp","href":"https:\/\/api.w.org\/{rel}","templated":true}]}}